{"id":20,"date":"2021-12-31T11:20:22","date_gmt":"2021-12-31T11:20:22","guid":{"rendered":"http:\/\/neb.ist.utl.pt\/~neb.daemon\/site\/?page_id=20"},"modified":"2024-02-24T16:25:16","modified_gmt":"2024-02-24T16:25:16","slug":"sobre-nos","status":"publish","type":"page","link":"https:\/\/neb.ist.utl.pt\/~neb.daemon\/site\/sobre-nos\/","title":{"rendered":"Sobre N\u00f3s"},"content":{"rendered":"<div id=\"pl-20\"  class=\"panel-layout\" ><div id=\"pg-20-0\"  class=\"panel-grid panel-has-style\" ><div class=\"siteorigin-panels-stretch perth-stretch panel-row-style panel-row-style-for-20-0\" style=\"padding: 0px 0; \" data-stretch-type=\"full\" ><div id=\"pgc-20-0-0\"  class=\"panel-grid-cell\" ><a id=\"1\" data-ps2id-target=\"\"><\/a><div id=\"panel-20-0-0-1\" class=\"so-panel widget widget_sow-editor panel-last-child\" data-index=\"1\" ><div class=\"panel-widget-style panel-widget-style-for-20-0-0-1\" ><div\n\t\t\t\n\t\t\tclass=\"so-widget-sow-editor so-widget-sow-editor-base\"\n\t\t\t\n\t\t><h3 class=\"widget-title\">VIS\u00c3O<\/h3>\n<div class=\"siteorigin-widget-tinymce textwidget\">\n\t<\/div>\n<\/div><\/div><\/div><\/div><\/div><\/div><div id=\"pg-20-1\"  class=\"panel-grid panel-has-style\" ><div class=\"siteorigin-panels-stretch perth-stretch panel-row-style panel-row-style-for-20-1\" style=\"padding: 0px 0; \" data-stretch-type=\"full\" ><div id=\"pgc-20-1-0\"  class=\"panel-grid-cell\" ><div id=\"panel-20-1-0-0\" class=\"so-panel widget widget_sow-editor panel-first-child panel-last-child\" data-index=\"2\" ><div class=\"panel-widget-style panel-widget-style-for-20-1-0-0\" ><div\n\t\t\t\n\t\t\tclass=\"so-widget-sow-editor so-widget-sow-editor-base\"\n\t\t\t\n\t\t>\n<div class=\"siteorigin-widget-tinymce textwidget\">\n\t<p align=\"justify\">O N\u00facleo de Engenharia Biol\u00f3gica do Instituto Superior T\u00e9cnico (NEBIST), fundado em 2005, \u00e9 uma associa\u00e7\u00e3o de alunos que re\u00fane, desde sempre, pessoas motivadas e com vontade de fazer parte de uma comunidade. Esta comunidade cresce de ano para ano, mais desafiante e envolvente, atraindo cada vez mais pessoas. O sonho que guia o NEBIST passa por chegar a todos os estudantes de Engenharia Biol\u00f3gica, levando-lhes utens\u00edlios e ferramentas, que lhes sejam \u00fateis n\u00e3o s\u00f3 durante a passagem pelo T\u00e9cnico, mas tamb\u00e9m no mundo do trabalho.<\/p>\n<\/div>\n<\/div><\/div><\/div><\/div><div id=\"pgc-20-1-1\"  class=\"panel-grid-cell\" ><div id=\"panel-20-1-1-0\" class=\"so-panel widget widget_sow-image panel-first-child panel-last-child\" data-index=\"3\" ><div\n\t\t\t\n\t\t\tclass=\"so-widget-sow-image so-widget-sow-image-default-8b5b6f678277-20\"\n\t\t\t\n\t\t>\n\n<div class=\"sow-image-container\">\n\t\t<img fetchpriority=\"high\" decoding=\"async\" src=\"https:\/\/i0.wp.com\/neb.ist.utl.pt\/~neb.daemon\/site\/wp-content\/uploads\/2019\/05\/logocorvertical-e1557620105278.png?fit=650%2C505&amp;ssl=1\" width=\"650\" height=\"505\" srcset=\"https:\/\/i0.wp.com\/neb.ist.utl.pt\/~neb.daemon\/site\/wp-content\/uploads\/2019\/05\/logocorvertical-e1557620105278.png?w=650&amp;ssl=1 650w, https:\/\/i0.wp.com\/neb.ist.utl.pt\/~neb.daemon\/site\/wp-content\/uploads\/2019\/05\/logocorvertical-e1557620105278.png?resize=300%2C233&amp;ssl=1 300w, https:\/\/i0.wp.com\/neb.ist.utl.pt\/~neb.daemon\/site\/wp-content\/uploads\/2019\/05\/logocorvertical-e1557620105278.png?resize=480%2C373&amp;ssl=1 480w, https:\/\/i0.wp.com\/neb.ist.utl.pt\/~neb.daemon\/site\/wp-content\/uploads\/2019\/05\/logocorvertical-e1557620105278.png?resize=410%2C319&amp;ssl=1 410w, https:\/\/i0.wp.com\/neb.ist.utl.pt\/~neb.daemon\/site\/wp-content\/uploads\/2019\/05\/logocorvertical-e1557620105278.png?resize=100%2C78&amp;ssl=1 100w, https:\/\/i0.wp.com\/neb.ist.utl.pt\/~neb.daemon\/site\/wp-content\/uploads\/2019\/05\/logocorvertical-e1557620105278.png?resize=275%2C214&amp;ssl=1 275w\" title=\"logocorvertical\" alt=\"\" \t\tclass=\"so-widget-image\"\/>\n\t<\/div>\n\n<\/div><\/div><\/div><\/div><\/div><div id=\"pg-20-2\"  class=\"panel-grid panel-has-style\" ><div style=\"padding: 0px 0; \" class=\"panel-row-style panel-row-style-for-20-2\" ><div id=\"pgc-20-2-0\"  class=\"panel-grid-cell\" >\r\n\t\t<div class=\"svg-container row-svg row-sep-b\" style=\"fill:#dddddd\">\r\n\t\t\t<svg xmlns=\"http:\/\/www.w3.org\/2000\/svg\" version=\"1.1\" viewBox=\"0 0 100 100\" preserveAspectRatio=\"none\">\r\n\t\t\t\t<g transform=\"translate(0,-952.36218)\"><path d=\"m 0,1052.3622 100,0 0,-2 L 0,952.36218 z\" \/><\/g>\r\n  \t\t\t<\/svg>\r\n\t\t<\/div>\r\n\r\n\t<\/div><\/div><\/div><div id=\"pg-20-3\"  class=\"panel-grid panel-has-style\" ><div class=\"siteorigin-panels-stretch perth-stretch panel-row-style panel-row-style-for-20-3\" style=\"background-color: #dddddd;padding: 0px 0; \" data-stretch-type=\"full\" ><div id=\"pgc-20-3-0\"  class=\"panel-grid-cell\" ><div id=\"panel-20-3-0-0\" class=\"so-panel widget widget_sow-editor panel-first-child panel-last-child\" data-index=\"5\" ><div class=\"panel-widget-style panel-widget-style-for-20-3-0-0\" ><div\n\t\t\t\n\t\t\tclass=\"so-widget-sow-editor so-widget-sow-editor-base\"\n\t\t\t\n\t\t><h3 class=\"widget-title\">O QUE FAZEMOS?<\/h3>\n<div class=\"siteorigin-widget-tinymce textwidget\">\n\t<p align=\"justify\">O N\u00facleo de Engenharia Biol\u00f3gica do Instituto Superior T\u00e9cnico prioriza os interesses dos seus alunos e, por isso mesmo, anualmente s\u00e3o propostas e desenvolvidas actividades de diversos \u00e2mbitos, a fim de abranger tr\u00eas pontos que consideramos essenciais: o enriquecimento da forma\u00e7\u00e3o dos alunos, a estimula\u00e7\u00e3o das suas <em>soft skills<\/em> e a realiza\u00e7\u00e3o de momentos descontra\u00eddos onde se promova o bom ambiente do curso. Neste sentido, o NEBIST tem em conta a opini\u00e3o dos seus estudantes e aposta nas suas ideias, tentando sempre melhorar e inovar a cada actividade.<\/p>\n<\/div>\n<\/div><\/div><\/div><\/div><\/div><\/div><div id=\"pg-20-4\"  class=\"panel-grid panel-has-style\" ><div style=\"padding: 0px 0; \" class=\"panel-row-style panel-row-style-for-20-4\" ><div id=\"pgc-20-4-0\"  class=\"panel-grid-cell\" >\r\n\t\t<div class=\"svg-container row-svg row-separator\" style=\"fill:#dddddd\">\r\n\t\t\t<svg xmlns=\"http:\/\/www.w3.org\/2000\/svg\" version=\"1.1\" viewBox=\"0 0 100 100\" preserveAspectRatio=\"none\">\r\n\t\t\t\t<path d=\"M0 0 L100 0 L100 2 L0 100 Z\"><\/path>\r\n\t\t\t<\/svg>\r\n\t\t<\/div>\r\n\r\n\r\n\t<\/div><\/div><\/div><div id=\"pg-20-5\"  class=\"panel-grid panel-has-style\" ><div class=\"lsow-dark-bg siteorigin-panels-stretch parallaxBg perth-stretch panel-row-style panel-row-style-for-20-5\" style=\"color: #ffffff;background-image: url(https:\/\/i0.wp.com\/neb.ist.utl.pt\/~neb.daemon\/site\/wp-content\/uploads\/2019\/07\/indc3bastria.gif?fit=1380%2C920&#038;ssl=1);padding: 0px 0; \" data-stretch-type=\"full\" data-hascolor=\"hascolor\" data-hasbg=\"hasbg\" ><div id=\"pgc-20-5-0\"  class=\"panel-grid-cell\" ><div id=\"panel-20-5-0-0\" class=\"so-panel widget widget_sow-editor panel-first-child panel-last-child\" data-index=\"7\" ><div class=\"panel-widget-style panel-widget-style-for-20-5-0-0\" ><div\n\t\t\t\n\t\t\tclass=\"so-widget-sow-editor so-widget-sow-editor-base\"\n\t\t\t\n\t\t><h3 class=\"widget-title\">APROXIMAR A ACADEMIA DA IND\u00daSTRIA<\/h3>\n<div class=\"siteorigin-widget-tinymce textwidget\">\n\t<p align=\"justify\">A aproxima\u00e7\u00e3o da Universidade ao Mercado de trabalho e consequente divulga\u00e7\u00e3o das val\u00eancias do Engenheiro Biol\u00f3gico \u00e9 basilar na miss\u00e3o do N\u00facleo. Consideramos essencial promover o contacto com o mundo exterior, n\u00e3o s\u00f3 pelo prop\u00f3sito de que os alunos conhe\u00e7am a realidade das empresas, entendam o seu modo de funcionamento e prevejam o papel de um Engenheiro Biol\u00f3gico, mas tamb\u00e9m para que as empresas fiquem a conhecer as val\u00eancias e o perfil do estudante de Engenharia Biol\u00f3gica do IST. Organizamos v\u00e1rias iniciativas que incitam esta aproxima\u00e7\u00e3o, como o Link To, onde existe uma apresenta\u00e7\u00e3o informal da empresa convidada; a Semana da Bioengenharia, que promove o contacto com os futuros cen\u00e1rios atrav\u00e9s de semin\u00e1rios, visitas de estudo t\u00e9cnicas e <em>workshops<\/em>. Os membros do NEBIST est\u00e3o ainda inclu\u00eddos na <em>mailling list<\/em> na qual divulgamos as \u00faltimas not\u00edcias da \u00e1rea atrav\u00e9s da NEBLetter, bem como todos os eventos, projectos e propostas de emprego que nos chegam.<\/p>\n<\/div>\n<\/div><\/div><\/div><\/div><\/div><\/div><div id=\"pg-20-6\"  class=\"panel-grid panel-has-style\" ><div style=\"padding: 0px 0; \" class=\"panel-row-style panel-row-style-for-20-6\" ><div id=\"pgc-20-6-0\"  class=\"panel-grid-cell\" >\r\n\t\t<div class=\"svg-container row-svg row-sep-b\" style=\"fill:#ffffff\">\r\n\t\t\t<svg xmlns=\"http:\/\/www.w3.org\/2000\/svg\" version=\"1.1\" viewBox=\"0 0 100 100\" preserveAspectRatio=\"none\">\r\n\t\t\t\t<g transform=\"translate(0,-952.36218)\"><path d=\"m 0,1052.3622 100,0 0,-2 L 0,952.36218 z\" \/><\/g>\r\n  \t\t\t<\/svg>\r\n\t\t<\/div>\r\n\r\n\t<\/div><\/div><\/div><div id=\"pg-20-7\"  class=\"panel-grid panel-has-style\" ><div style=\"padding: 0px 0; \" class=\"panel-row-style panel-row-style-for-20-7\" ><div id=\"pgc-20-7-0\"  class=\"panel-grid-cell\" ><div id=\"panel-20-7-0-0\" class=\"so-panel widget widget_sow-editor panel-first-child panel-last-child\" data-index=\"9\" ><div class=\"panel-widget-style panel-widget-style-for-20-7-0-0\" ><div\n\t\t\t\n\t\t\tclass=\"so-widget-sow-editor so-widget-sow-editor-base\"\n\t\t\t\n\t\t><h3 class=\"widget-title\">A EQUIPA<\/h3>\n<div class=\"siteorigin-widget-tinymce textwidget\">\n\t<\/div>\n<\/div><\/div><\/div><\/div><\/div><\/div><div id=\"pg-20-8\"  class=\"panel-grid panel-has-style\" ><div style=\"padding: 0px 0; \" class=\"panel-row-style panel-row-style-for-20-8\" ><div id=\"pgc-20-8-0\"  class=\"panel-grid-cell\" ><div id=\"panel-20-8-0-0\" class=\"so-panel widget widget_sow-image panel-first-child panel-last-child\" data-index=\"10\" ><div\n\t\t\t\n\t\t\tclass=\"so-widget-sow-image so-widget-sow-image-default-8b5b6f678277-20\"\n\t\t\t\n\t\t>\n\n<div class=\"sow-image-container\">\n\t\t<img decoding=\"async\" src=\"https:\/\/i0.wp.com\/neb.ist.utl.pt\/~neb.daemon\/site\/wp-content\/uploads\/2018\/09\/ourteam.png?fit=311%2C223&amp;ssl=1\" width=\"311\" height=\"223\" srcset=\"https:\/\/i0.wp.com\/neb.ist.utl.pt\/~neb.daemon\/site\/wp-content\/uploads\/2018\/09\/ourteam.png?w=311&amp;ssl=1 311w, https:\/\/i0.wp.com\/neb.ist.utl.pt\/~neb.daemon\/site\/wp-content\/uploads\/2018\/09\/ourteam.png?resize=300%2C215&amp;ssl=1 300w, https:\/\/i0.wp.com\/neb.ist.utl.pt\/~neb.daemon\/site\/wp-content\/uploads\/2018\/09\/ourteam.png?resize=100%2C72&amp;ssl=1 100w, https:\/\/i0.wp.com\/neb.ist.utl.pt\/~neb.daemon\/site\/wp-content\/uploads\/2018\/09\/ourteam.png?resize=275%2C197&amp;ssl=1 275w\" alt=\"\" \t\tclass=\"so-widget-image\"\/>\n\t<\/div>\n\n<\/div><\/div><\/div><div id=\"pgc-20-8-1\"  class=\"panel-grid-cell\" ><div id=\"panel-20-8-1-0\" class=\"so-panel widget widget_perth_action perth_action_widget panel-first-child panel-last-child\" data-index=\"11\" >        <div class=\"call-to-action \">\r\n\t\t\t<div class=\"promo-wrap\">\r\n\t\t\t\t\t\t\t\t<div class=\"action-text\">\r\n\t\t\t\t\tClica no bot\u00e3o abaixo para ficar a conhecer a equipa respons\u00e1vel pela Organiza\u00e7\u00e3o do NEBIST durante o Ano Letivo de 2023\/2024!\t\t\t\t<\/div>\r\n\t\t\t\t\t\t\t\t<div class=\"action-button\">\r\n\t\t\t\t\t<a href=\"http:\/\/neb.ist.utl.pt\/~neb.daemon\/site\/sobre-nos\/organizacao\/#1\" class=\"button more-button\">ORGANIZA\u00c7\u00c3O 2023\/2024<\/a>\r\n\t\t\t\t<\/div>\r\n\t\t\t<\/div>\r\n        <\/div>\r\n\t<\/div><\/div><\/div><\/div><div id=\"pg-20-9\"  class=\"panel-grid panel-has-style\" ><div style=\"padding: 0px 0; \" class=\"panel-row-style panel-row-style-for-20-9\" ><div id=\"pgc-20-9-0\"  class=\"panel-grid-cell\" >\r\n\t\t<div class=\"svg-container row-svg row-separator\" style=\"fill:#ffffff\">\r\n\t\t\t<svg xmlns=\"http:\/\/www.w3.org\/2000\/svg\" version=\"1.1\" viewBox=\"0 0 100 100\" preserveAspectRatio=\"none\">\r\n\t\t\t\t<path d=\"M0 0 L100 0 L100 2 L0 100 Z\"><\/path>\r\n\t\t\t<\/svg>\r\n\t\t<\/div>\r\n\r\n\r\n\t<\/div><\/div><\/div><div id=\"pg-20-10\"  class=\"panel-grid panel-has-style\" ><div class=\"siteorigin-panels-stretch perth-stretch panel-row-style panel-row-style-for-20-10\" style=\"background-color: #dddddd;color: #2b3c4d;padding: 0px 0; \" data-stretch-type=\"full\" data-hascolor=\"hascolor\" ><div id=\"pgc-20-10-0\"  class=\"panel-grid-cell\" ><div id=\"panel-20-10-0-0\" class=\"so-panel widget widget_sow-editor panel-first-child panel-last-child\" data-index=\"13\" ><div\n\t\t\t\n\t\t\tclass=\"so-widget-sow-editor so-widget-sow-editor-base\"\n\t\t\t\n\t\t><h3 class=\"widget-title\">HIST\u00d3RIA<\/h3>\n<div class=\"siteorigin-widget-tinymce textwidget\">\n\t<\/div>\n<\/div><\/div><\/div><\/div><\/div><div id=\"pg-20-11\"  class=\"panel-grid panel-has-style\" ><div class=\"siteorigin-panels-stretch perth-stretch panel-row-style panel-row-style-for-20-11\" style=\"background-color: #dddddd;padding: 0px 0; \" data-stretch-type=\"full\" ><div id=\"pgc-20-11-0\"  class=\"panel-grid-cell\" ><div id=\"panel-20-11-0-0\" class=\"so-panel widget widget_sow-editor panel-first-child\" data-index=\"14\" ><div class=\"panel-widget-style panel-widget-style-for-20-11-0-0\" ><div\n\t\t\t\n\t\t\tclass=\"so-widget-sow-editor so-widget-sow-editor-base\"\n\t\t\t\n\t\t>\n<div class=\"siteorigin-widget-tinymce textwidget\">\n\t<p style=\"text-align: justify;\">Revisita os 18 anos de hist\u00f3ria do NEBIST atrav\u00e9s dos seus Presidentes e do que estes desenvolveram durante os seus mandatos.<\/p>\n<\/div>\n<\/div><\/div><\/div><div id=\"panel-20-11-0-1\" class=\"widget_text so-panel widget widget_custom_html panel-last-child\" data-index=\"15\" ><div class=\"textwidget custom-html-widget\"><a href=\"http:\/\/neb.ist.utl.pt\/~neb.daemon\/site\/sobre-nos\/historia\/#1\" class=\"button more-button\">HIST\u00d3RIA<\/a><\/div><\/div><\/div><div id=\"pgc-20-11-1\"  class=\"panel-grid-cell\" ><div id=\"panel-20-11-1-0\" class=\"so-panel widget widget_sow-image panel-first-child panel-last-child\" data-index=\"16\" ><div\n\t\t\t\n\t\t\tclass=\"so-widget-sow-image so-widget-sow-image-default-8b5b6f678277-20\"\n\t\t\t\n\t\t>\n\n<div class=\"sow-image-container\">\n\t\t<img decoding=\"async\" src=\"https:\/\/i0.wp.com\/neb.ist.utl.pt\/~neb.daemon\/site\/wp-content\/uploads\/2019\/03\/old-paper.png?fit=512%2C512&amp;ssl=1\" width=\"512\" height=\"512\" srcset=\"https:\/\/i0.wp.com\/neb.ist.utl.pt\/~neb.daemon\/site\/wp-content\/uploads\/2019\/03\/old-paper.png?w=512&amp;ssl=1 512w, https:\/\/i0.wp.com\/neb.ist.utl.pt\/~neb.daemon\/site\/wp-content\/uploads\/2019\/03\/old-paper.png?resize=150%2C150&amp;ssl=1 150w, https:\/\/i0.wp.com\/neb.ist.utl.pt\/~neb.daemon\/site\/wp-content\/uploads\/2019\/03\/old-paper.png?resize=300%2C300&amp;ssl=1 300w, https:\/\/i0.wp.com\/neb.ist.utl.pt\/~neb.daemon\/site\/wp-content\/uploads\/2019\/03\/old-paper.png?resize=480%2C480&amp;ssl=1 480w, https:\/\/i0.wp.com\/neb.ist.utl.pt\/~neb.daemon\/site\/wp-content\/uploads\/2019\/03\/old-paper.png?resize=410%2C410&amp;ssl=1 410w, https:\/\/i0.wp.com\/neb.ist.utl.pt\/~neb.daemon\/site\/wp-content\/uploads\/2019\/03\/old-paper.png?resize=100%2C100&amp;ssl=1 100w, https:\/\/i0.wp.com\/neb.ist.utl.pt\/~neb.daemon\/site\/wp-content\/uploads\/2019\/03\/old-paper.png?resize=275%2C275&amp;ssl=1 275w\" alt=\"\" \t\tclass=\"so-widget-image\"\/>\n\t<\/div>\n\n<\/div><\/div><\/div><\/div><\/div><div id=\"pg-20-12\"  class=\"panel-grid panel-has-style\" ><div style=\"padding: 0px 0; \" class=\"panel-row-style panel-row-style-for-20-12\" ><div id=\"pgc-20-12-0\"  class=\"panel-grid-cell\" >\r\n\t\t<div class=\"svg-container row-svg row-sep-b\" style=\"fill:#ffffff\">\r\n\t\t\t<svg xmlns=\"http:\/\/www.w3.org\/2000\/svg\" version=\"1.1\" viewBox=\"0 0 100 100\" preserveAspectRatio=\"none\">\r\n\t\t\t\t<g transform=\"translate(0,-952.36218)\"><path d=\"m 0,1052.3622 100,0 0,-2 L 0,952.36218 z\" \/><\/g>\r\n  \t\t\t<\/svg>\r\n\t\t<\/div>\r\n\r\n\t<\/div><\/div><\/div><div id=\"pg-20-13\"  class=\"panel-grid panel-has-style\" ><div style=\"padding: 50px 0; \" class=\"panel-row-style panel-row-style-for-20-13\" ><div id=\"pgc-20-13-0\"  class=\"panel-grid-cell panel-grid-cell-empty\" ><\/div><\/div><\/div><div id=\"pg-20-14\"  class=\"panel-grid panel-has-style\" ><div style=\"padding: 0px 0; \" class=\"panel-row-style panel-row-style-for-20-14\" ><div id=\"pgc-20-14-0\"  class=\"panel-grid-cell\" ><div id=\"panel-20-14-0-0\" class=\"so-panel widget widget_sow-editor panel-first-child panel-last-child\" data-index=\"18\" ><div class=\"panel-widget-style panel-widget-style-for-20-14-0-0\" ><div\n\t\t\t\n\t\t\tclass=\"so-widget-sow-editor so-widget-sow-editor-base\"\n\t\t\t\n\t\t><h3 class=\"widget-title\">DOCUMENTA\u00c7\u00c3O<\/h3>\n<div class=\"siteorigin-widget-tinymce textwidget\">\n\t<\/div>\n<\/div><\/div><\/div><\/div><\/div><\/div><div id=\"pg-20-15\"  class=\"panel-grid panel-has-style\" ><div style=\"padding: 0px 0; \" class=\"panel-row-style panel-row-style-for-20-15\" ><div id=\"pgc-20-15-0\"  class=\"panel-grid-cell\" ><div id=\"panel-20-15-0-0\" class=\"so-panel widget widget_sow-editor panel-first-child panel-last-child\" data-index=\"19\" ><div class=\"panel-widget-style panel-widget-style-for-20-15-0-0\" ><div\n\t\t\t\n\t\t\tclass=\"so-widget-sow-editor so-widget-sow-editor-base\"\n\t\t\t\n\t\t>\n<div class=\"siteorigin-widget-tinymce textwidget\">\n\t<p style=\"text-align: justify;\">Nesta p\u00e1gina podes encontrar todos os documentos relativos \u00e0 regulamenta\u00e7\u00e3o do NEBIST, como os estatutos, regulamento geral, planos de atividades e atas das assembleias gerais do NEBIST. Clica no bot\u00e3o ao lado para encontrares toda esta informa\u00e7\u00e3o.<\/p>\n<\/div>\n<\/div><\/div><\/div><\/div><div id=\"pgc-20-15-1\"  class=\"panel-grid-cell\" ><div id=\"panel-20-15-1-0\" class=\"widget_text so-panel widget widget_custom_html panel-first-child panel-last-child\" data-index=\"20\" ><div class=\"textwidget custom-html-widget\"><a href=\"http:\/\/neb.ist.utl.pt\/~neb.daemon\/site\/sobre-nos\/documentacao-2\/\" class=\"button more-button\">DOCUMENTA\u00c7\u00c3O<\/a><\/div><\/div><\/div><\/div><\/div><div id=\"pg-20-16\"  class=\"panel-grid panel-has-style\" ><div style=\"padding: 0px 0; \" class=\"panel-row-style panel-row-style-for-20-16\" ><div id=\"pgc-20-16-0\"  class=\"panel-grid-cell\" ><div id=\"panel-20-16-0-0\" class=\"so-panel widget widget_ink-divider panel-first-child\" data-index=\"21\" ><div\n\t\t\t\n\t\t\tclass=\"so-widget-ink-divider so-widget-ink-divider-divider-941a9012cf08-20\"\n\t\t\t\n\t\t><div class=\"iw-so-divider-top\"><\/div>\n<div class=\"iw-so-divider \"><\/div>\n<div class=\"iw-so-divider-bottom\"><\/div>\n<\/div><\/div><div id=\"panel-20-16-0-1\" class=\"so-panel widget widget_sow-editor panel-last-child\" data-index=\"22\" ><div class=\"panel-widget-style panel-widget-style-for-20-16-0-1\" ><div\n\t\t\t\n\t\t\tclass=\"so-widget-sow-editor so-widget-sow-editor-base\"\n\t\t\t\n\t\t><h3 class=\"widget-title\">CONTACTOS<\/h3>\n<div class=\"siteorigin-widget-tinymce textwidget\">\n\t<\/div>\n<\/div><\/div><\/div><\/div><\/div><\/div><div id=\"pg-20-17\"  class=\"panel-grid panel-has-style\" ><div style=\"padding: 0px 0; \" class=\"panel-row-style panel-row-style-for-20-17\" ><div id=\"pgc-20-17-0\"  class=\"panel-grid-cell\" ><\/div><div id=\"pgc-20-17-1\"  class=\"panel-grid-cell\" ><div id=\"panel-20-17-1-0\" class=\"so-panel widget widget_sow-editor panel-first-child panel-last-child\" data-index=\"24\" ><div class=\"panel-widget-style panel-widget-style-for-20-17-1-0\" ><div\n\t\t\t\n\t\t\tclass=\"so-widget-sow-editor so-widget-sow-editor-base\"\n\t\t\t\n\t\t>\n<div class=\"siteorigin-widget-tinymce textwidget\">\n\t<p>Tens alguma d\u00favida ou sugest\u00e3o sobre o site ou atividades do NEBIST?<\/p>\n<p>Entra em contacto connosco atrav\u00e9s do nosso e-mail: <strong>nebist.utl@gmail.com<\/strong><\/p>\n<\/div>\n<\/div><\/div><\/div><\/div><\/div><\/div><div id=\"pg-20-18\"  class=\"panel-grid panel-has-style\" ><div style=\"padding: 0px 0; \" class=\"panel-row-style panel-row-style-for-20-18\" ><div id=\"pgc-20-18-0\"  class=\"panel-grid-cell\" ><div id=\"panel-20-18-0-0\" class=\"so-panel widget widget_sow-editor panel-first-child panel-last-child\" data-index=\"25\" ><div class=\"panel-widget-style panel-widget-style-for-20-18-0-0\" ><div\n\t\t\t\n\t\t\tclass=\"so-widget-sow-editor so-widget-sow-editor-base\"\n\t\t\t\n\t\t>\n<div class=\"siteorigin-widget-tinymce textwidget\">\n\t<p style=\"text-align: justify;\" align=\"justify\">Visita-nos! Estamos na: Av. Rovisco Pais, n\u00ba1, 1049-001 Lisboa, Torre Sul\/Pavilh\u00e3o de Qu\u00edmica - Sala 1.23. Encontra-nos neste <strong><a href=\"https:\/\/i2.wp.com\/neb.ist.utl.pt\/~neb.daemon\/site\/wp-content\/uploads\/2019\/07\/Picture1-1.png\" target=\"_blank\" rel=\"noopener\">mapa<\/a><\/strong>.<\/p>\n<\/div>\n<\/div><\/div><\/div><\/div><\/div><\/div><\/div>","protected":false},"excerpt":{"rendered":"<p>O N\u00facleo de Engenharia Biol\u00f3gica do Instituto Superior T\u00e9cnico (NEBIST), fundado em 2005, \u00e9 uma associa\u00e7\u00e3o de alunos que re\u00fane, desde sempre, pessoas motivadas e com vontade de fazer parte de uma comunidade. Esta comunidade cresce de ano para ano, mais desafiante e envolvente, atraindo cada vez mais pessoas. O sonho que guia o NEBIST [&hellip;]<\/p>\n","protected":false},"author":1,"featured_media":0,"parent":0,"menu_order":0,"comment_status":"closed","ping_status":"closed","template":"page-templates\/page_front-page.php","meta":{"jetpack_post_was_ever_published":false,"footnotes":""},"wf_page_folders":[],"jetpack_sharing_enabled":true,"jetpack_shortlink":"https:\/\/wp.me\/P2fvZo-k","jetpack-related-posts":[],"_links":{"self":[{"href":"https:\/\/neb.ist.utl.pt\/~neb.daemon\/site\/wp-json\/wp\/v2\/pages\/20"}],"collection":[{"href":"https:\/\/neb.ist.utl.pt\/~neb.daemon\/site\/wp-json\/wp\/v2\/pages"}],"about":[{"href":"https:\/\/neb.ist.utl.pt\/~neb.daemon\/site\/wp-json\/wp\/v2\/types\/page"}],"author":[{"embeddable":true,"href":"https:\/\/neb.ist.utl.pt\/~neb.daemon\/site\/wp-json\/wp\/v2\/users\/1"}],"replies":[{"embeddable":true,"href":"https:\/\/neb.ist.utl.pt\/~neb.daemon\/site\/wp-json\/wp\/v2\/comments?post=20"}],"version-history":[{"count":0,"href":"https:\/\/neb.ist.utl.pt\/~neb.daemon\/site\/wp-json\/wp\/v2\/pages\/20\/revisions"}],"wp:attachment":[{"href":"https:\/\/neb.ist.utl.pt\/~neb.daemon\/site\/wp-json\/wp\/v2\/media?parent=20"}],"wp:term":[{"taxonomy":"wf_page_folders","embeddable":true,"href":"https:\/\/neb.ist.utl.pt\/~neb.daemon\/site\/wp-json\/wp\/v2\/wf_page_folders?post=20"}],"curies":[{"name":"wp","href":"https:\/\/api.w.org\/{rel}","templated":true}]}}