{"id":26412,"date":"2022-11-04T19:24:09","date_gmt":"2022-11-04T19:24:09","guid":{"rendered":"http:\/\/neb.ist.utl.pt\/~neb.daemon\/site\/?page_id=26412"},"modified":"2023-12-02T18:02:53","modified_gmt":"2023-12-02T18:02:53","slug":"totebags","status":"publish","type":"page","link":"https:\/\/neb.ist.utl.pt\/~neb.daemon\/site\/totebags\/","title":{"rendered":"Tote bags"},"content":{"rendered":"<div id=\"pl-26412\"  class=\"panel-layout\" ><div id=\"pg-26412-0\"  class=\"panel-grid panel-has-style\" ><div style=\"padding: 0px 0; \" class=\"panel-row-style panel-row-style-for-26412-0\" ><div id=\"pgc-26412-0-0\"  class=\"panel-grid-cell\" ><a id=\"1\" data-ps2id-target=\"\"><\/a><div id=\"panel-26412-0-0-1\" class=\"so-panel widget widget_ink-divider\" data-index=\"1\" ><div\n\t\t\t\n\t\t\tclass=\"so-widget-ink-divider so-widget-ink-divider-divider-ad46fb38d6f9-26412\"\n\t\t\t\n\t\t><div class=\"iw-so-divider-top\"><\/div>\n<div class=\"iw-so-divider \"><\/div>\n<div class=\"iw-so-divider-bottom\"><\/div>\n<\/div><\/div><div id=\"panel-26412-0-0-2\" class=\"so-panel widget widget_sow-editor panel-last-child\" data-index=\"2\" ><div class=\"panel-widget-style panel-widget-style-for-26412-0-0-2\" ><div\n\t\t\t\n\t\t\tclass=\"so-widget-sow-editor so-widget-sow-editor-base\"\n\t\t\t\n\t\t><h3 class=\"widget-title\">Tote bags Engenharia Biol\u00f3gica<\/h3>\n<div class=\"siteorigin-widget-tinymce textwidget\">\n\t<div class=\"wpb_text_column wpb_content_element \">\n<div class=\"wpb_wrapper\">\n<p style=\"text-align: justify;\">J\u00e1 est\u00e1s fart@ de que te perguntem o que \u00e9 um Engenheiro Biol\u00f3gico? Com a nossa tote bag isso deixa (ou n\u00e3o) de ser um problema! Agarra j\u00e1 a tua!<\/p>\n<\/div>\n<\/div>\n<\/div>\n<\/div><\/div><\/div><\/div><\/div><\/div><div id=\"pg-26412-1\"  class=\"panel-grid panel-has-style\" ><div class=\"siteorigin-panels-stretch perth-stretch panel-row-style panel-row-style-for-26412-1\" style=\"background-color: #ffffff;padding: 0px 0; \" data-stretch-type=\"full\" ><div id=\"pgc-26412-1-0\"  class=\"panel-grid-cell\" ><div id=\"panel-26412-1-0-0\" class=\"so-panel widget widget_lsow-pricing-plans panel-first-child panel-last-child\" data-index=\"3\" ><div class=\"panel-widget-style panel-widget-style-for-26412-1-0-0\" ><div\n\t\t\t\n\t\t\tclass=\"so-widget-lsow-pricing-plans so-widget-lsow-pricing-plans-default-d75171398898-26412\"\n\t\t\t\n\t\t><div class=\"lsow-pricing-table lsow-grid-container  lsow-grid-desktop-2 lsow-grid-tablet-2 lsow-grid-mobile-1\"><div class=\"lsow-grid-item lsow-pricing-plan   lsow-animate-on-scroll\"  data-animation=\"\"><div class=\"lsow-top-header\"><h3 class=\"lsow-plan-name lsow-center\">Tote bag Engenharia Biol\u00f3gica<\/h3><img fetchpriority=\"high\" decoding=\"async\" width=\"836\" height=\"1200\" src=\"https:\/\/i0.wp.com\/neb.ist.utl.pt\/~neb.daemon\/site\/wp-content\/uploads\/2022\/11\/Captura-de-ecra-2022-11-03-as-11.28.23.png?fit=836%2C1200&amp;ssl=1\" class=\"lsow-image full\" alt=\"Tote bag Engenharia Biol\u00f3gica\" srcset=\"https:\/\/i0.wp.com\/neb.ist.utl.pt\/~neb.daemon\/site\/wp-content\/uploads\/2022\/11\/Captura-de-ecra-2022-11-03-as-11.28.23.png?w=836&amp;ssl=1 836w, https:\/\/i0.wp.com\/neb.ist.utl.pt\/~neb.daemon\/site\/wp-content\/uploads\/2022\/11\/Captura-de-ecra-2022-11-03-as-11.28.23.png?resize=209%2C300&amp;ssl=1 209w, https:\/\/i0.wp.com\/neb.ist.utl.pt\/~neb.daemon\/site\/wp-content\/uploads\/2022\/11\/Captura-de-ecra-2022-11-03-as-11.28.23.png?resize=713%2C1024&amp;ssl=1 713w, https:\/\/i0.wp.com\/neb.ist.utl.pt\/~neb.daemon\/site\/wp-content\/uploads\/2022\/11\/Captura-de-ecra-2022-11-03-as-11.28.23.png?resize=768%2C1102&amp;ssl=1 768w, https:\/\/i0.wp.com\/neb.ist.utl.pt\/~neb.daemon\/site\/wp-content\/uploads\/2022\/11\/Captura-de-ecra-2022-11-03-as-11.28.23.png?resize=480%2C689&amp;ssl=1 480w, https:\/\/i0.wp.com\/neb.ist.utl.pt\/~neb.daemon\/site\/wp-content\/uploads\/2022\/11\/Captura-de-ecra-2022-11-03-as-11.28.23.png?resize=410%2C589&amp;ssl=1 410w, https:\/\/i0.wp.com\/neb.ist.utl.pt\/~neb.daemon\/site\/wp-content\/uploads\/2022\/11\/Captura-de-ecra-2022-11-03-as-11.28.23.png?resize=100%2C144&amp;ssl=1 100w, https:\/\/i0.wp.com\/neb.ist.utl.pt\/~neb.daemon\/site\/wp-content\/uploads\/2022\/11\/Captura-de-ecra-2022-11-03-as-11.28.23.png?resize=275%2C395&amp;ssl=1 275w\" sizes=\"(max-width: 836px) 100vw, 836px\" data-attachment-id=\"26419\" data-permalink=\"https:\/\/neb.ist.utl.pt\/~neb.daemon\/site\/totebags\/captura-de-ecra-2022-11-03-as-11-28-23\/\" data-orig-file=\"https:\/\/i0.wp.com\/neb.ist.utl.pt\/~neb.daemon\/site\/wp-content\/uploads\/2022\/11\/Captura-de-ecra-2022-11-03-as-11.28.23.png?fit=836%2C1200&amp;ssl=1\" data-orig-size=\"836,1200\" data-comments-opened=\"1\" data-image-meta=\"{&quot;aperture&quot;:&quot;0&quot;,&quot;credit&quot;:&quot;&quot;,&quot;camera&quot;:&quot;&quot;,&quot;caption&quot;:&quot;&quot;,&quot;created_timestamp&quot;:&quot;0&quot;,&quot;copyright&quot;:&quot;&quot;,&quot;focal_length&quot;:&quot;0&quot;,&quot;iso&quot;:&quot;0&quot;,&quot;shutter_speed&quot;:&quot;0&quot;,&quot;title&quot;:&quot;&quot;,&quot;orientation&quot;:&quot;0&quot;}\" data-image-title=\"Captura de ecr\u00e3 2022-11-03, \u00e0s 11.28.23\" data-image-description=\"\" data-image-caption=\"\" data-medium-file=\"https:\/\/i0.wp.com\/neb.ist.utl.pt\/~neb.daemon\/site\/wp-content\/uploads\/2022\/11\/Captura-de-ecra-2022-11-03-as-11.28.23.png?fit=209%2C300&amp;ssl=1\" data-large-file=\"https:\/\/i0.wp.com\/neb.ist.utl.pt\/~neb.daemon\/site\/wp-content\/uploads\/2022\/11\/Captura-de-ecra-2022-11-03-as-11.28.23.png?fit=713%2C1024&amp;ssl=1\" tabindex=\"0\" role=\"button\" \/><\/div><h4 class=\"lsow-plan-price lsow-plan-header lsow-center\"><span class=\"lsow-text\">3 <img decoding=\"async\" src=\"https:\/\/i0.wp.com\/neb.ist.utl.pt\/~neb.daemon\/site\/wp-content\/uploads\/2018\/09\/Logos_Branco_2-1.png?w=1170\" alt=\"price\" style=\"width:23px;height:23px\" data-recalc-dims=\"1\" \/><\/span><\/h4><div class=\"lsow-plan-details\"><\/div><!-- .lsow-plan-details --><div class=\"lsow-purchase\"><a class=\"lsow-button default\" href=\"http:\/\/neb.ist.utl.pt\/~neb.daemon\/site\/compra-de-tote-bag\/\">COMPRAR<\/a><\/div><\/div><!-- .lsow-pricing-plan --><\/div><!-- .lsow-pricing-table --><div class=\"lsow-clear\"><\/div><\/div><\/div><\/div><\/div><\/div><\/div><\/div>","protected":false},"excerpt":{"rendered":"<p>J\u00e1 est\u00e1s fart@ de que te perguntem o que \u00e9 um Engenheiro Biol\u00f3gico? Com a nossa tote bag isso deixa (ou n\u00e3o) de ser um problema! Agarra j\u00e1 a tua!<\/p>\n","protected":false},"author":1,"featured_media":0,"parent":0,"menu_order":0,"comment_status":"closed","ping_status":"closed","template":"page-templates\/page_front-page.php","meta":{"jetpack_post_was_ever_published":false,"footnotes":""},"wf_page_folders":[],"jetpack_sharing_enabled":true,"jetpack_shortlink":"https:\/\/wp.me\/P2fvZo-6S0","jetpack-related-posts":[],"_links":{"self":[{"href":"https:\/\/neb.ist.utl.pt\/~neb.daemon\/site\/wp-json\/wp\/v2\/pages\/26412"}],"collection":[{"href":"https:\/\/neb.ist.utl.pt\/~neb.daemon\/site\/wp-json\/wp\/v2\/pages"}],"about":[{"href":"https:\/\/neb.ist.utl.pt\/~neb.daemon\/site\/wp-json\/wp\/v2\/types\/page"}],"author":[{"embeddable":true,"href":"https:\/\/neb.ist.utl.pt\/~neb.daemon\/site\/wp-json\/wp\/v2\/users\/1"}],"replies":[{"embeddable":true,"href":"https:\/\/neb.ist.utl.pt\/~neb.daemon\/site\/wp-json\/wp\/v2\/comments?post=26412"}],"version-history":[{"count":0,"href":"https:\/\/neb.ist.utl.pt\/~neb.daemon\/site\/wp-json\/wp\/v2\/pages\/26412\/revisions"}],"wp:attachment":[{"href":"https:\/\/neb.ist.utl.pt\/~neb.daemon\/site\/wp-json\/wp\/v2\/media?parent=26412"}],"wp:term":[{"taxonomy":"wf_page_folders","embeddable":true,"href":"https:\/\/neb.ist.utl.pt\/~neb.daemon\/site\/wp-json\/wp\/v2\/wf_page_folders?post=26412"}],"curies":[{"name":"wp","href":"https:\/\/api.w.org\/{rel}","templated":true}]}}