{"id":27049,"date":"2023-02-03T12:49:55","date_gmt":"2023-02-03T12:49:55","guid":{"rendered":"http:\/\/neb.ist.utl.pt\/~neb.daemon\/site\/?page_id=27049"},"modified":"2023-02-03T12:49:55","modified_gmt":"2023-02-03T12:49:55","slug":"contactos","status":"publish","type":"page","link":"https:\/\/neb.ist.utl.pt\/~neb.daemon\/site\/contactos\/","title":{"rendered":"Contactos"},"content":{"rendered":"<div id=\"pl-27049\"  class=\"panel-layout\" ><div id=\"pg-27049-0\"  class=\"panel-grid panel-has-style\" ><div class=\"siteorigin-panels-stretch perth-stretch panel-row-style panel-row-style-for-27049-0\" style=\"padding: 0px 0; \" data-stretch-type=\"full\" ><div id=\"pgc-27049-0-0\"  class=\"panel-grid-cell\" ><a id=\"1\" data-ps2id-target=\"\"><\/a><\/div><\/div><\/div><div id=\"pg-27049-1\"  class=\"panel-grid panel-has-style\" ><div style=\"padding: 0px 0; \" class=\"panel-row-style panel-row-style-for-27049-1\" ><div id=\"pgc-27049-1-0\"  class=\"panel-grid-cell panel-grid-cell-empty\" ><\/div><\/div><\/div><div id=\"pg-27049-2\"  class=\"panel-grid panel-has-style\" ><div style=\"padding: 0px 0; \" class=\"panel-row-style panel-row-style-for-27049-2\" ><div id=\"pgc-27049-2-0\"  class=\"panel-grid-cell\" ><div id=\"panel-27049-2-0-0\" class=\"so-panel widget widget_ink-divider panel-first-child\" data-index=\"1\" ><div\n\t\t\t\n\t\t\tclass=\"so-widget-ink-divider so-widget-ink-divider-divider-941a9012cf08-27049\"\n\t\t\t\n\t\t><div class=\"iw-so-divider-top\"><\/div>\n<div class=\"iw-so-divider \"><\/div>\n<div class=\"iw-so-divider-bottom\"><\/div>\n<\/div><\/div><div id=\"panel-27049-2-0-1\" class=\"so-panel widget widget_sow-editor panel-last-child\" data-index=\"2\" ><div class=\"panel-widget-style panel-widget-style-for-27049-2-0-1\" ><div\n\t\t\t\n\t\t\tclass=\"so-widget-sow-editor so-widget-sow-editor-base\"\n\t\t\t\n\t\t><h3 class=\"widget-title\">CONTACTOS<\/h3>\n<div class=\"siteorigin-widget-tinymce textwidget\">\n\t<\/div>\n<\/div><\/div><\/div><\/div><\/div><\/div><div id=\"pg-27049-3\"  class=\"panel-grid panel-has-style\" ><div style=\"padding: 0px 0; \" class=\"panel-row-style panel-row-style-for-27049-3\" ><div id=\"pgc-27049-3-0\"  class=\"panel-grid-cell\" ><\/div><div id=\"pgc-27049-3-1\"  class=\"panel-grid-cell\" ><div id=\"panel-27049-3-1-0\" class=\"so-panel widget widget_sow-editor panel-first-child panel-last-child\" data-index=\"4\" ><div class=\"panel-widget-style panel-widget-style-for-27049-3-1-0\" ><div\n\t\t\t\n\t\t\tclass=\"so-widget-sow-editor so-widget-sow-editor-base\"\n\t\t\t\n\t\t>\n<div class=\"siteorigin-widget-tinymce textwidget\">\n\t<p>Tens alguma d\u00favida ou sugest\u00e3o sobre o site ou atividades do NEBIST?<\/p>\n<p>Entra em contacto connosco atrav\u00e9s do nosso e-mail: <strong>nebist.utl@gmail.com<\/strong><\/p>\n<\/div>\n<\/div><\/div><\/div><\/div><\/div><\/div><div id=\"pg-27049-4\"  class=\"panel-grid panel-has-style\" ><div style=\"padding: 0px 0; \" class=\"panel-row-style panel-row-style-for-27049-4\" ><div id=\"pgc-27049-4-0\"  class=\"panel-grid-cell\" ><div id=\"panel-27049-4-0-0\" class=\"so-panel widget widget_sow-editor panel-first-child panel-last-child\" data-index=\"5\" ><div class=\"panel-widget-style panel-widget-style-for-27049-4-0-0\" ><div\n\t\t\t\n\t\t\tclass=\"so-widget-sow-editor so-widget-sow-editor-base\"\n\t\t\t\n\t\t>\n<div class=\"siteorigin-widget-tinymce textwidget\">\n\t<p style=\"text-align: justify;\" align=\"justify\">Visita-nos! Estamos na: Av. Rovisco Pais, n\u00ba1, 1049-001 Lisboa, Torre Sul\/Pavilh\u00e3o de Qu\u00edmica - Sala 1.23. Encontra-nos neste <strong><a href=\"https:\/\/i2.wp.com\/neb.ist.utl.pt\/~neb.daemon\/site\/wp-content\/uploads\/2019\/07\/Picture1-1.png\" target=\"_blank\" rel=\"noopener\">mapa<\/a><\/strong>.<\/p>\n<\/div>\n<\/div><\/div><\/div><\/div><\/div><\/div><\/div>","protected":false},"excerpt":{"rendered":"<p>CONTACTOS Tens alguma d\u00favida ou sugest\u00e3o sobre o site ou atividades do NEBIST? Entra em contacto connosco atrav\u00e9s do nosso e-mail: nebist.utl@gmail.com Visita-nos! Estamos na: Av. Rovisco Pais, n\u00ba1, 1049-001 Lisboa, Torre Sul\/Pavilh\u00e3o de Qu\u00edmica &#8211; Sala 1.23. Encontra-nos neste mapa.<\/p>\n","protected":false},"author":1,"featured_media":0,"parent":0,"menu_order":0,"comment_status":"closed","ping_status":"closed","template":"page-templates\/page_front-page.php","meta":{"jetpack_post_was_ever_published":false,"footnotes":""},"wf_page_folders":[],"jetpack_sharing_enabled":true,"jetpack_shortlink":"https:\/\/wp.me\/P2fvZo-72h","jetpack-related-posts":[],"_links":{"self":[{"href":"https:\/\/neb.ist.utl.pt\/~neb.daemon\/site\/wp-json\/wp\/v2\/pages\/27049"}],"collection":[{"href":"https:\/\/neb.ist.utl.pt\/~neb.daemon\/site\/wp-json\/wp\/v2\/pages"}],"about":[{"href":"https:\/\/neb.ist.utl.pt\/~neb.daemon\/site\/wp-json\/wp\/v2\/types\/page"}],"author":[{"embeddable":true,"href":"https:\/\/neb.ist.utl.pt\/~neb.daemon\/site\/wp-json\/wp\/v2\/users\/1"}],"replies":[{"embeddable":true,"href":"https:\/\/neb.ist.utl.pt\/~neb.daemon\/site\/wp-json\/wp\/v2\/comments?post=27049"}],"version-history":[{"count":0,"href":"https:\/\/neb.ist.utl.pt\/~neb.daemon\/site\/wp-json\/wp\/v2\/pages\/27049\/revisions"}],"wp:attachment":[{"href":"https:\/\/neb.ist.utl.pt\/~neb.daemon\/site\/wp-json\/wp\/v2\/media?parent=27049"}],"wp:term":[{"taxonomy":"wf_page_folders","embeddable":true,"href":"https:\/\/neb.ist.utl.pt\/~neb.daemon\/site\/wp-json\/wp\/v2\/wf_page_folders?post=27049"}],"curies":[{"name":"wp","href":"https:\/\/api.w.org\/{rel}","templated":true}]}}