{"id":5714,"date":"2018-10-20T18:43:48","date_gmt":"2018-10-20T17:43:48","guid":{"rendered":"http:\/\/neb.ist.utl.pt\/~neb.daemon\/site\/?page_id=5714"},"modified":"2019-11-16T11:06:22","modified_gmt":"2019-11-16T11:06:22","slug":"professores","status":"publish","type":"page","link":"https:\/\/neb.ist.utl.pt\/~neb.daemon\/site\/biologica-nas-escolas\/professores\/","title":{"rendered":"Biol\u00f3gica nas Escolas &#8211; Professores"},"content":{"rendered":"<div id=\"pl-5714\"  class=\"panel-layout\" ><div id=\"pg-5714-0\"  class=\"panel-grid panel-has-style\" ><div class=\"siteorigin-panels-stretch perth-stretch panel-row-style panel-row-style-for-5714-0\" style=\"color: #2b3c4d;padding: 0px 0; \" data-stretch-type=\"full\" data-hascolor=\"hascolor\" ><div id=\"pgc-5714-0-0\"  class=\"panel-grid-cell\" ><a id=\"1\" data-ps2id-target=\"\"><\/a><div id=\"panel-5714-0-0-1\" class=\"so-panel widget widget_ink-divider\" data-index=\"1\" ><div\n\t\t\t\n\t\t\tclass=\"so-widget-ink-divider so-widget-ink-divider-divider-57ed40d4e67f-5714\"\n\t\t\t\n\t\t><div class=\"iw-so-divider-top\"><\/div>\n<div class=\"iw-so-divider \"><\/div>\n<div class=\"iw-so-divider-bottom\"><\/div>\n<\/div><\/div><div id=\"panel-5714-0-0-2\" class=\"so-panel widget widget_sow-editor panel-last-child\" data-index=\"2\" ><div\n\t\t\t\n\t\t\tclass=\"so-widget-sow-editor so-widget-sow-editor-base\"\n\t\t\t\n\t\t><h3 class=\"widget-title\">Biol\u00f3gica nas escolas<\/h3>\n<div class=\"siteorigin-widget-tinymce textwidget\">\n\t<\/div>\n<\/div><\/div><\/div><\/div><\/div><div id=\"pg-5714-1\"  class=\"panel-grid panel-has-style\" ><div class=\"siteorigin-panels-stretch perth-stretch panel-row-style panel-row-style-for-5714-1\" style=\"padding: 0px 0; \" data-stretch-type=\"full\" ><div id=\"pgc-5714-1-0\"  class=\"panel-grid-cell\" ><div id=\"panel-5714-1-0-0\" class=\"so-panel widget widget_sow-image panel-first-child panel-last-child\" data-index=\"3\" ><div\n\t\t\t\n\t\t\tclass=\"so-widget-sow-image so-widget-sow-image-default-8b5b6f678277-5714\"\n\t\t\t\n\t\t>\n\n<div class=\"sow-image-container\">\n\t\t<img fetchpriority=\"high\" decoding=\"async\" src=\"https:\/\/i0.wp.com\/neb.ist.utl.pt\/~neb.daemon\/site\/wp-content\/uploads\/2018\/10\/br.jpg?fit=3150%2C4200&amp;ssl=1\" width=\"3150\" height=\"4200\" alt=\"\" \t\tclass=\"so-widget-image\"\/>\n\t<\/div>\n\n<\/div><\/div><\/div><div id=\"pgc-5714-1-1\"  class=\"panel-grid-cell\" ><div id=\"panel-5714-1-1-0\" class=\"so-panel widget widget_sow-editor panel-first-child\" data-index=\"4\" ><div class=\"panel-widget-style panel-widget-style-for-5714-1-1-0\" ><div\n\t\t\t\n\t\t\tclass=\"so-widget-sow-editor so-widget-sow-editor-base\"\n\t\t\t\n\t\t>\n<div class=\"siteorigin-widget-tinymce textwidget\">\n\t<p style=\"text-align: justify;\"><strong>O que \u00e9 o \u00a0BIOL\u00d3GICA NAS ESCOLAS?<\/strong><\/p>\n<p style=\"text-align: justify;\">Biol\u00f3gica nas escolas \u00e9 uma iniciativa levada a cabo pelo N\u00facleo de Engenharia Biol\u00f3gica do Instituto Superior T\u00e9cnico (NEBIST) e que tem como objetivo dar a conhecer melhor o curso de Engenharia Biol\u00f3gica aos alunos do ensino secund\u00e1rio em Portugal.<\/p>\n<p style=\"text-align: justify;\">Desta forma, foi criada uma equipa de representantes, que ir\u00e1 \u00e0s escolas inscritas apresentar, com aux\u00edlio de uma curta apresenta\u00e7\u00e3o, os fundamentos do curso e partilhar a sua experi\u00eancia pessoal acerca da vida acad\u00e9mica.<\/p>\n<p style=\"text-align: justify;\">Este projeto \u00e9 uma \u00f3tima oportunidade tanto para os alunos, que deste modo ficam a conhecer o curso e a institui\u00e7\u00e3o subjacente, como para a escola.<\/p>\n<p style=\"text-align: justify;\">Como estudantes do curso que j\u00e1 estiveram no lugar desses alunos, temos todo o gosto em dar o nosso contributo e conciliar uma manh\u00e3 ou tarde para nos dirigir \u00e0 sua escola no \u00e2mbito deste projeto.<\/p>\n<p style=\"text-align: justify;\">Desta forma, deixamo-nos ao dispor para esclarecer qualquer d\u00favida acerca do projeto (<a href=\"mailto:neb@tecnico.ulisboa.pt\">neb@tecnico.ulisboa.pt<\/a>) e aguardamos a sua inscri\u00e7\u00e3o:<\/p>\n<\/div>\n<\/div><\/div><\/div><div id=\"panel-5714-1-1-1\" class=\"widget_text so-panel widget widget_custom_html\" data-index=\"5\" ><div class=\"textwidget custom-html-widget\"><a class=\"button more-button\" href=\"https:\/\/docs.google.com\/forms\/d\/e\/1FAIpQLScFFcpGVEI2P8StOe37by4OjHoheHbJ95rICYVSAw3Omcv5Lg\/viewform\">INSCRI\u00c7\u00c3O<\/a><\/div><\/div><div id=\"panel-5714-1-1-2\" class=\"so-panel widget widget_sow-editor panel-last-child\" data-index=\"6\" ><div class=\"panel-widget-style panel-widget-style-for-5714-1-1-2\" ><div\n\t\t\t\n\t\t\tclass=\"so-widget-sow-editor so-widget-sow-editor-base\"\n\t\t\t\n\t\t>\n<div class=\"siteorigin-widget-tinymce textwidget\">\n\t<p style=\"text-align: center;\">Qualquer d\u00favida, n\u00e3o hesite em contactar-nos. Obrigada!<\/p>\n<\/div>\n<\/div><\/div><\/div><\/div><\/div><\/div><div id=\"pg-5714-2\"  class=\"panel-grid panel-has-style\" ><div class=\"siteorigin-panels-stretch perth-stretch panel-row-style panel-row-style-for-5714-2\" style=\"padding: 0px 0; \" data-stretch-type=\"full\" ><div id=\"pgc-5714-2-0\"  class=\"panel-grid-cell\" ><div id=\"panel-5714-2-0-0\" class=\"so-panel widget widget_ink-divider panel-first-child panel-last-child\" data-index=\"7\" ><div\n\t\t\t\n\t\t\tclass=\"so-widget-ink-divider so-widget-ink-divider-divider-57ed40d4e67f-5714\"\n\t\t\t\n\t\t><div class=\"iw-so-divider-top\"><\/div>\n<div class=\"iw-so-divider \"><\/div>\n<div class=\"iw-so-divider-bottom\"><\/div>\n<\/div><\/div><\/div><\/div><\/div><\/div>","protected":false},"excerpt":{"rendered":"<p>O que \u00e9 o \u00a0BIOL\u00d3GICA NAS ESCOLAS? Biol\u00f3gica nas escolas \u00e9 uma iniciativa levada a cabo pelo N\u00facleo de Engenharia Biol\u00f3gica do Instituto Superior T\u00e9cnico (NEBIST) e que tem como objetivo dar a conhecer melhor o curso de Engenharia Biol\u00f3gica aos alunos do ensino secund\u00e1rio em Portugal. Desta forma, foi criada uma equipa de representantes, [&hellip;]<\/p>\n","protected":false},"author":1,"featured_media":0,"parent":5722,"menu_order":0,"comment_status":"closed","ping_status":"closed","template":"page-templates\/page_front-page.php","meta":{"jetpack_post_was_ever_published":false,"footnotes":""},"wf_page_folders":[],"jetpack_sharing_enabled":true,"jetpack_shortlink":"https:\/\/wp.me\/P2fvZo-1ua","jetpack-related-posts":[],"_links":{"self":[{"href":"https:\/\/neb.ist.utl.pt\/~neb.daemon\/site\/wp-json\/wp\/v2\/pages\/5714"}],"collection":[{"href":"https:\/\/neb.ist.utl.pt\/~neb.daemon\/site\/wp-json\/wp\/v2\/pages"}],"about":[{"href":"https:\/\/neb.ist.utl.pt\/~neb.daemon\/site\/wp-json\/wp\/v2\/types\/page"}],"author":[{"embeddable":true,"href":"https:\/\/neb.ist.utl.pt\/~neb.daemon\/site\/wp-json\/wp\/v2\/users\/1"}],"replies":[{"embeddable":true,"href":"https:\/\/neb.ist.utl.pt\/~neb.daemon\/site\/wp-json\/wp\/v2\/comments?post=5714"}],"version-history":[{"count":0,"href":"https:\/\/neb.ist.utl.pt\/~neb.daemon\/site\/wp-json\/wp\/v2\/pages\/5714\/revisions"}],"up":[{"embeddable":true,"href":"https:\/\/neb.ist.utl.pt\/~neb.daemon\/site\/wp-json\/wp\/v2\/pages\/5722"}],"wp:attachment":[{"href":"https:\/\/neb.ist.utl.pt\/~neb.daemon\/site\/wp-json\/wp\/v2\/media?parent=5714"}],"wp:term":[{"taxonomy":"wf_page_folders","embeddable":true,"href":"https:\/\/neb.ist.utl.pt\/~neb.daemon\/site\/wp-json\/wp\/v2\/wf_page_folders?post=5714"}],"curies":[{"name":"wp","href":"https:\/\/api.w.org\/{rel}","templated":true}]}}