{"id":5722,"date":"2018-10-20T18:46:30","date_gmt":"2018-10-20T17:46:30","guid":{"rendered":"http:\/\/neb.ist.utl.pt\/~neb.daemon\/site\/?page_id=5722"},"modified":"2019-11-16T11:04:41","modified_gmt":"2019-11-16T11:04:41","slug":"biologica-nas-escolas","status":"publish","type":"page","link":"https:\/\/neb.ist.utl.pt\/~neb.daemon\/site\/biologica-nas-escolas\/","title":{"rendered":"Biol\u00f3gica nas Escolas"},"content":{"rendered":"<div id=\"pl-5722\"  class=\"panel-layout\" ><div id=\"pg-5722-0\"  class=\"panel-grid panel-has-style\" ><div class=\"siteorigin-panels-stretch perth-stretch panel-row-style panel-row-style-for-5722-0\" style=\"color: #2b3c4d;padding: 0px 0; \" data-stretch-type=\"full\" data-hascolor=\"hascolor\" ><div id=\"pgc-5722-0-0\"  class=\"panel-grid-cell\" ><a id=\"1\" data-ps2id-target=\"\"><\/a><div id=\"panel-5722-0-0-1\" class=\"so-panel widget widget_ink-divider\" data-index=\"1\" ><div\n\t\t\t\n\t\t\tclass=\"so-widget-ink-divider so-widget-ink-divider-divider-57ed40d4e67f-5722\"\n\t\t\t\n\t\t><div class=\"iw-so-divider-top\"><\/div>\n<div class=\"iw-so-divider \"><\/div>\n<div class=\"iw-so-divider-bottom\"><\/div>\n<\/div><\/div><div id=\"panel-5722-0-0-2\" class=\"so-panel widget widget_siteorigin-panels-builder panel-last-child\" data-index=\"2\" ><div id=\"pl-w5dcfd7c9e2358\"  class=\"panel-layout\" ><div id=\"pg-w5dcfd7c9e2358-0\"  class=\"panel-grid panel-has-style\" ><div style=\"padding: 0px 0; \" class=\"panel-row-style panel-row-style-for-w5dcfd7c9e2358-0\" ><div id=\"pgc-w5dcfd7c9e2358-0-0\"  class=\"panel-grid-cell\" ><div id=\"panel-w5dcfd7c9e2358-0-0-0\" class=\"so-panel widget widget_sow-editor panel-first-child panel-last-child\" data-index=\"0\" ><div\n\t\t\t\n\t\t\tclass=\"so-widget-sow-editor so-widget-sow-editor-base\"\n\t\t\t\n\t\t><h3 class=\"widget-title\">Biol\u00f3gica nas escolas<\/h3>\n<div class=\"siteorigin-widget-tinymce textwidget\">\n\t<p style=\"text-align: justify;\">Esta iniciativa tem o objetivo de dar a conhecer o mundo da Engenharia Biol\u00f3gica aos alunos do ensino secund\u00e1rio. \u00c9 simples: os alunos do curso dirigem-se \u00e0 sua escola secund\u00e1ria antiga, onde v\u00e3o divulgar a uma turma os pontos principais das \u00e1reas do curso, as sa\u00eddas profissionais e o que \u00e9 ser estudante do Instituto Superior T\u00e9cnico. Assim, ajudamos os alunos do secund\u00e1rio a formar uma ideia do que \u00e9 que v\u00e3o esperar quando ingressarem no curso ou na universidade. S\u00e3o apenas 10 minutos de apresenta\u00e7\u00e3o que podem realmente ajudar na decis\u00e3o de um aluno!<\/p>\n<\/div>\n<\/div><\/div><\/div><div id=\"pgc-w5dcfd7c9e2358-0-1\"  class=\"panel-grid-cell\" ><div id=\"panel-w5dcfd7c9e2358-0-1-0\" class=\"so-panel widget widget_sow-image panel-first-child panel-last-child\" data-index=\"1\" ><div\n\t\t\t\n\t\t\tclass=\"so-widget-sow-image so-widget-sow-image-default-8b5b6f678277\"\n\t\t\t\n\t\t>\n\n<div class=\"sow-image-container\">\n\t\t<img fetchpriority=\"high\" decoding=\"async\" src=\"https:\/\/i0.wp.com\/neb.ist.utl.pt\/~neb.daemon\/site\/wp-content\/uploads\/2018\/10\/Imagem6.png?fit=806%2C714&amp;ssl=1\" width=\"806\" height=\"714\" srcset=\"https:\/\/i0.wp.com\/neb.ist.utl.pt\/~neb.daemon\/site\/wp-content\/uploads\/2018\/10\/Imagem6.png?w=806&amp;ssl=1 806w, https:\/\/i0.wp.com\/neb.ist.utl.pt\/~neb.daemon\/site\/wp-content\/uploads\/2018\/10\/Imagem6.png?resize=300%2C266&amp;ssl=1 300w, https:\/\/i0.wp.com\/neb.ist.utl.pt\/~neb.daemon\/site\/wp-content\/uploads\/2018\/10\/Imagem6.png?resize=768%2C680&amp;ssl=1 768w, https:\/\/i0.wp.com\/neb.ist.utl.pt\/~neb.daemon\/site\/wp-content\/uploads\/2018\/10\/Imagem6.png?resize=480%2C425&amp;ssl=1 480w, https:\/\/i0.wp.com\/neb.ist.utl.pt\/~neb.daemon\/site\/wp-content\/uploads\/2018\/10\/Imagem6.png?resize=410%2C363&amp;ssl=1 410w, https:\/\/i0.wp.com\/neb.ist.utl.pt\/~neb.daemon\/site\/wp-content\/uploads\/2018\/10\/Imagem6.png?resize=100%2C89&amp;ssl=1 100w, https:\/\/i0.wp.com\/neb.ist.utl.pt\/~neb.daemon\/site\/wp-content\/uploads\/2018\/10\/Imagem6.png?resize=275%2C244&amp;ssl=1 275w\" alt=\"\" \t\tclass=\"so-widget-image\"\/>\n\t<\/div>\n\n<\/div><\/div><\/div><\/div><\/div><\/div><\/div><\/div><\/div><\/div><div id=\"pg-5722-1\"  class=\"panel-grid panel-has-style\" ><div class=\"siteorigin-panels-stretch perth-stretch panel-row-style panel-row-style-for-5722-1\" style=\"background-color: #666666;padding: 0px 0; \" data-stretch-type=\"full\" ><div id=\"pgc-5722-1-0\"  class=\"panel-grid-cell\" >\r\n\t\t<div class=\"svg-container row-svg row-separator\" style=\"fill:#ffffff\">\r\n\t\t\t<svg xmlns=\"http:\/\/www.w3.org\/2000\/svg\" version=\"1.1\" viewBox=\"0 0 100 100\" preserveAspectRatio=\"none\">\r\n\t\t\t\t<path d=\"M0 0 L100 0 L100 2 L0 100 Z\"><\/path>\r\n\t\t\t<\/svg>\r\n\t\t<\/div>\r\n\r\n\r\n\t<\/div><\/div><\/div><div id=\"pg-5722-2\"  class=\"panel-grid panel-has-style\" ><div class=\"siteorigin-panels-stretch perth-stretch panel-row-style panel-row-style-for-5722-2\" style=\"background-color: #666666;color: #ffffff;padding: 0px 0; \" data-stretch-type=\"full\" data-hascolor=\"hascolor\" ><div id=\"pgc-5722-2-0\"  class=\"panel-grid-cell\" ><div id=\"panel-5722-2-0-0\" class=\"so-panel widget widget_sow-editor panel-first-child\" data-index=\"4\" ><div class=\"body panel-widget-style panel-widget-style-for-5722-2-0-0\" ><div\n\t\t\t\n\t\t\tclass=\"so-widget-sow-editor so-widget-sow-editor-base\"\n\t\t\t\n\t\t><h3 class=\"widget-title\">SABE MAIS<\/h3>\n<div class=\"siteorigin-widget-tinymce textwidget\">\n\t<p style=\"text-align: justify;\">\u00c9s aluno e queres divulgar o curso de Engenharia Biol\u00f3gica do IST na tua escola secund\u00e1ria? Ou \u00e9 professor e gostava de participar na iniciativa e abrir os horizontes dos seus alunos? Sabe mais clicando nos bot\u00f5es abaixo!<\/p>\n<\/div>\n<\/div><\/div><\/div><div id=\"panel-5722-2-0-1\" class=\"so-panel widget widget_siteorigin-panels-builder panel-last-child\" data-index=\"5\" ><div id=\"pl-w5bcdce13c8724\"  class=\"panel-layout\" ><div id=\"pg-w5bcdce13c8724-0\"  class=\"panel-grid panel-has-style\" ><div style=\"padding: 0px 0; \" class=\"panel-row-style panel-row-style-for-w5bcdce13c8724-0\" ><div id=\"pgc-w5bcdce13c8724-0-0\"  class=\"panel-grid-cell panel-grid-cell-empty\" ><\/div><div id=\"pgc-w5bcdce13c8724-0-1\"  class=\"panel-grid-cell\" ><div id=\"panel-w5bcdce13c8724-0-1-0\" class=\"widget_text so-panel widget widget_custom_html panel-first-child panel-last-child\" data-index=\"0\" ><div class=\"widget_text panel-widget-style panel-widget-style-for-w5bcdce13c8724-0-1-0\" ><div class=\"textwidget custom-html-widget\"><a class=\"button more-button\" href=\"http:\/\/neb.ist.utl.pt\/~neb.daemon\/site\/biologica-nas-escolas\/aluno\/#1\">Sou aluno<\/a><\/div><\/div><\/div><\/div><div id=\"pgc-w5bcdce13c8724-0-2\"  class=\"panel-grid-cell panel-grid-cell-mobile-last\" ><div id=\"panel-w5bcdce13c8724-0-2-0\" class=\"widget_text so-panel widget widget_custom_html panel-first-child panel-last-child\" data-index=\"1\" ><div class=\"widget_text panel-widget-style panel-widget-style-for-w5bcdce13c8724-0-2-0\" ><div class=\"textwidget custom-html-widget\"><a class=\"button more-button\" href=\"http:\/\/neb.ist.utl.pt\/~neb.daemon\/site\/biologica-nas-escolas\/professores\/#1\">Sou professor<\/a><\/div><\/div><\/div><\/div><div id=\"pgc-w5bcdce13c8724-0-3\"  class=\"panel-grid-cell panel-grid-cell-empty\" ><\/div><\/div><\/div><\/div><\/div><\/div><\/div><\/div><\/div>","protected":false},"excerpt":{"rendered":"<p>Biol\u00f3gica nas escolas Esta iniciativa tem o objetivo de dar a conhecer o mundo da Engenharia Biol\u00f3gica aos alunos do ensino secund\u00e1rio. \u00c9 simples: os alunos do curso dirigem-se \u00e0 sua escola secund\u00e1ria antiga, onde v\u00e3o divulgar a uma turma os pontos principais das \u00e1reas do curso, as sa\u00eddas profissionais e o que \u00e9 ser [&hellip;]<\/p>\n","protected":false},"author":1,"featured_media":0,"parent":0,"menu_order":0,"comment_status":"closed","ping_status":"closed","template":"page-templates\/page_front-page.php","meta":{"jetpack_post_was_ever_published":false,"footnotes":""},"wf_page_folders":[],"jetpack_sharing_enabled":true,"jetpack_shortlink":"https:\/\/wp.me\/P2fvZo-1ui","jetpack-related-posts":[],"_links":{"self":[{"href":"https:\/\/neb.ist.utl.pt\/~neb.daemon\/site\/wp-json\/wp\/v2\/pages\/5722"}],"collection":[{"href":"https:\/\/neb.ist.utl.pt\/~neb.daemon\/site\/wp-json\/wp\/v2\/pages"}],"about":[{"href":"https:\/\/neb.ist.utl.pt\/~neb.daemon\/site\/wp-json\/wp\/v2\/types\/page"}],"author":[{"embeddable":true,"href":"https:\/\/neb.ist.utl.pt\/~neb.daemon\/site\/wp-json\/wp\/v2\/users\/1"}],"replies":[{"embeddable":true,"href":"https:\/\/neb.ist.utl.pt\/~neb.daemon\/site\/wp-json\/wp\/v2\/comments?post=5722"}],"version-history":[{"count":0,"href":"https:\/\/neb.ist.utl.pt\/~neb.daemon\/site\/wp-json\/wp\/v2\/pages\/5722\/revisions"}],"wp:attachment":[{"href":"https:\/\/neb.ist.utl.pt\/~neb.daemon\/site\/wp-json\/wp\/v2\/media?parent=5722"}],"wp:term":[{"taxonomy":"wf_page_folders","embeddable":true,"href":"https:\/\/neb.ist.utl.pt\/~neb.daemon\/site\/wp-json\/wp\/v2\/wf_page_folders?post=5722"}],"curies":[{"name":"wp","href":"https:\/\/api.w.org\/{rel}","templated":true}]}}