{"id":6138,"date":"2018-10-21T14:19:19","date_gmt":"2018-10-21T13:19:19","guid":{"rendered":"http:\/\/neb.ist.utl.pt\/~neb.daemon\/site\/?page_id=6138"},"modified":"2022-12-27T20:27:52","modified_gmt":"2022-12-27T20:27:52","slug":"alunos","status":"publish","type":"page","link":"https:\/\/neb.ist.utl.pt\/~neb.daemon\/site\/biologica-nas-escolas\/alunos\/","title":{"rendered":"Biol\u00f3gica nas Escolas &#8211; Alunos"},"content":{"rendered":"<div id=\"pl-6138\"  class=\"panel-layout\" ><div id=\"pg-6138-0\"  class=\"panel-grid panel-has-style\" ><div style=\"padding: 0px 0; \" class=\"panel-row-style panel-row-style-for-6138-0\" ><div id=\"pgc-6138-0-0\"  class=\"panel-grid-cell\" ><a id=\"1\" data-ps2id-target=\"\"><\/a><div id=\"panel-6138-0-0-1\" class=\"so-panel widget widget_ink-divider\" data-index=\"1\" ><div\n\t\t\t\n\t\t\tclass=\"so-widget-ink-divider so-widget-ink-divider-divider-ad46fb38d6f9-6138\"\n\t\t\t\n\t\t><div class=\"iw-so-divider-top\"><\/div>\n<div class=\"iw-so-divider \"><\/div>\n<div class=\"iw-so-divider-bottom\"><\/div>\n<\/div><\/div><div id=\"panel-6138-0-0-2\" class=\"so-panel widget widget_sow-editor panel-last-child\" data-index=\"2\" ><div\n\t\t\t\n\t\t\tclass=\"so-widget-sow-editor so-widget-sow-editor-base\"\n\t\t\t\n\t\t><h3 class=\"widget-title\">Biol\u00f3gica nas escolas<\/h3>\n<div class=\"siteorigin-widget-tinymce textwidget\">\n\t<\/div>\n<\/div><\/div><\/div><\/div><\/div><div id=\"pg-6138-1\"  class=\"panel-grid panel-has-style\" ><div style=\"padding: 0px 0; \" class=\"panel-row-style panel-row-style-for-6138-1\" ><div id=\"pgc-6138-1-0\"  class=\"panel-grid-cell\" ><div id=\"panel-6138-1-0-0\" class=\"so-panel widget widget_sow-editor panel-first-child panel-last-child\" data-index=\"3\" ><div class=\"panel-widget-style panel-widget-style-for-6138-1-0-0\" ><div\n\t\t\t\n\t\t\tclass=\"so-widget-sow-editor so-widget-sow-editor-base\"\n\t\t\t\n\t\t>\n<div class=\"siteorigin-widget-tinymce textwidget\">\n\t<p style=\"text-align: justify;\"><b>O que \u00e9 o \u00a0<\/b><b>BIOL\u00d3GICA NAS ESCOLAS<\/b><b>?<\/b><\/p>\n<p style=\"text-align: justify;\">Biol\u00f3gica nas escolas \u00e9 uma iniciativa levada a cabo pelo N\u00facleo de Engenharia Biol\u00f3gica do Instituto Superior T\u00e9cnico (NEBIST) e que tem como objetivo dar a conhecer melhor o curso de Engenharia Biol\u00f3gica aos alunos do ensino secund\u00e1rio em Portugal.<\/p>\n<\/div>\n<\/div><\/div><\/div><\/div><\/div><\/div><div id=\"pg-6138-2\"  class=\"panel-grid panel-has-style\" ><div style=\"padding: 0px 0; \" class=\"panel-row-style panel-row-style-for-6138-2\" ><div id=\"pgc-6138-2-0\"  class=\"panel-grid-cell\" ><div id=\"panel-6138-2-0-0\" class=\"so-panel widget widget_sow-image panel-first-child panel-last-child\" data-index=\"4\" ><div\n\t\t\t\n\t\t\tclass=\"so-widget-sow-image so-widget-sow-image-default-8b5b6f678277-6138\"\n\t\t\t\n\t\t>\n\n<div class=\"sow-image-container\">\n\t\t<img fetchpriority=\"high\" decoding=\"async\" src=\"https:\/\/i0.wp.com\/neb.ist.utl.pt\/~neb.daemon\/site\/wp-content\/uploads\/2018\/10\/escola.png?fit=477%2C544&amp;ssl=1\" width=\"477\" height=\"544\" srcset=\"https:\/\/i0.wp.com\/neb.ist.utl.pt\/~neb.daemon\/site\/wp-content\/uploads\/2018\/10\/escola.png?w=477&amp;ssl=1 477w, https:\/\/i0.wp.com\/neb.ist.utl.pt\/~neb.daemon\/site\/wp-content\/uploads\/2018\/10\/escola.png?resize=263%2C300&amp;ssl=1 263w, https:\/\/i0.wp.com\/neb.ist.utl.pt\/~neb.daemon\/site\/wp-content\/uploads\/2018\/10\/escola.png?resize=410%2C468&amp;ssl=1 410w, https:\/\/i0.wp.com\/neb.ist.utl.pt\/~neb.daemon\/site\/wp-content\/uploads\/2018\/10\/escola.png?resize=100%2C114&amp;ssl=1 100w, https:\/\/i0.wp.com\/neb.ist.utl.pt\/~neb.daemon\/site\/wp-content\/uploads\/2018\/10\/escola.png?resize=275%2C314&amp;ssl=1 275w\" alt=\"\" \t\tclass=\"so-widget-image\"\/>\n\t<\/div>\n\n<\/div><\/div><\/div><div id=\"pgc-6138-2-1\"  class=\"panel-grid-cell\" ><div id=\"panel-6138-2-1-0\" class=\"so-panel widget widget_sow-editor panel-first-child panel-last-child\" data-index=\"5\" ><div class=\"panel-widget-style panel-widget-style-for-6138-2-1-0\" ><div\n\t\t\t\n\t\t\tclass=\"so-widget-sow-editor so-widget-sow-editor-base\"\n\t\t\t\n\t\t>\n<div class=\"siteorigin-widget-tinymce textwidget\">\n\t<p><b>E como podemos fazer isso?<\/b><\/p>\n<p style=\"text-align: justify;\">Com a tua ajuda (se \u00e9s aluno do Mestrado Integrado em Engenharia Biol\u00f3gica do IST) pretendemos criar uma equipa de representantes, dispostos a dirigirem-se \u00e0s suas antigas escolas para promover o nosso curso!<\/p>\n<\/div>\n<\/div><\/div><\/div><\/div><\/div><\/div><div id=\"pg-6138-3\"  class=\"panel-grid panel-has-style\" ><div style=\"padding: 0px 0; \" class=\"panel-row-style panel-row-style-for-6138-3\" ><div id=\"pgc-6138-3-0\"  class=\"panel-grid-cell\" ><div id=\"panel-6138-3-0-0\" class=\"so-panel widget widget_sow-editor panel-first-child panel-last-child\" data-index=\"6\" ><div class=\"panel-widget-style panel-widget-style-for-6138-3-0-0\" ><div\n\t\t\t\n\t\t\tclass=\"so-widget-sow-editor so-widget-sow-editor-base\"\n\t\t\t\n\t\t>\n<div class=\"siteorigin-widget-tinymce textwidget\">\n\t<p style=\"text-align: justify;\"><b>N\u00e3o sei como hei de representar o curso, o que irei dizer?<\/b><\/p>\n<p style=\"text-align: justify;\">N\u00e3o te aflijas! O NEB preparou uma pequena forma\u00e7\u00e3o para ti, para n\u00e3o ires mal preparado. S\u00f3 precisamos da tua presen\u00e7a e motiva\u00e7\u00e3o para representares o curso na tua antiga escola!<\/p>\n<\/div>\n<\/div><\/div><\/div><\/div><div id=\"pgc-6138-3-1\"  class=\"panel-grid-cell\" ><div id=\"panel-6138-3-1-0\" class=\"so-panel widget widget_sow-image panel-first-child panel-last-child\" data-index=\"7\" ><div\n\t\t\t\n\t\t\tclass=\"so-widget-sow-image so-widget-sow-image-default-8b5b6f678277-6138\"\n\t\t\t\n\t\t>\n\n<div class=\"sow-image-container\">\n\t\t<img decoding=\"async\" src=\"https:\/\/i0.wp.com\/neb.ist.utl.pt\/~neb.daemon\/site\/wp-content\/uploads\/2018\/10\/7854e78e37dbd1252eeff4dc6fb7be76.png?fit=1135%2C1134&amp;ssl=1\" width=\"1135\" height=\"1134\" srcset=\"https:\/\/i0.wp.com\/neb.ist.utl.pt\/~neb.daemon\/site\/wp-content\/uploads\/2018\/10\/7854e78e37dbd1252eeff4dc6fb7be76.png?w=1135&amp;ssl=1 1135w, https:\/\/i0.wp.com\/neb.ist.utl.pt\/~neb.daemon\/site\/wp-content\/uploads\/2018\/10\/7854e78e37dbd1252eeff4dc6fb7be76.png?resize=150%2C150&amp;ssl=1 150w, https:\/\/i0.wp.com\/neb.ist.utl.pt\/~neb.daemon\/site\/wp-content\/uploads\/2018\/10\/7854e78e37dbd1252eeff4dc6fb7be76.png?resize=300%2C300&amp;ssl=1 300w, https:\/\/i0.wp.com\/neb.ist.utl.pt\/~neb.daemon\/site\/wp-content\/uploads\/2018\/10\/7854e78e37dbd1252eeff4dc6fb7be76.png?resize=768%2C767&amp;ssl=1 768w, https:\/\/i0.wp.com\/neb.ist.utl.pt\/~neb.daemon\/site\/wp-content\/uploads\/2018\/10\/7854e78e37dbd1252eeff4dc6fb7be76.png?resize=1024%2C1024&amp;ssl=1 1024w, https:\/\/i0.wp.com\/neb.ist.utl.pt\/~neb.daemon\/site\/wp-content\/uploads\/2018\/10\/7854e78e37dbd1252eeff4dc6fb7be76.png?resize=480%2C480&amp;ssl=1 480w, https:\/\/i0.wp.com\/neb.ist.utl.pt\/~neb.daemon\/site\/wp-content\/uploads\/2018\/10\/7854e78e37dbd1252eeff4dc6fb7be76.png?resize=410%2C410&amp;ssl=1 410w, https:\/\/i0.wp.com\/neb.ist.utl.pt\/~neb.daemon\/site\/wp-content\/uploads\/2018\/10\/7854e78e37dbd1252eeff4dc6fb7be76.png?resize=100%2C100&amp;ssl=1 100w, https:\/\/i0.wp.com\/neb.ist.utl.pt\/~neb.daemon\/site\/wp-content\/uploads\/2018\/10\/7854e78e37dbd1252eeff4dc6fb7be76.png?resize=275%2C275&amp;ssl=1 275w\" alt=\"\" \t\tclass=\"so-widget-image\"\/>\n\t<\/div>\n\n<\/div><\/div><\/div><\/div><\/div><div id=\"pg-6138-4\"  class=\"panel-grid panel-has-style\" ><div style=\"padding: 0px 0; \" class=\"panel-row-style panel-row-style-for-6138-4\" ><div id=\"pgc-6138-4-0\"  class=\"panel-grid-cell\" ><div id=\"panel-6138-4-0-0\" class=\"so-panel widget widget_sow-editor panel-first-child panel-last-child\" data-index=\"8\" ><div class=\"panel-widget-style panel-widget-style-for-6138-4-0-0\" ><div\n\t\t\t\n\t\t\tclass=\"so-widget-sow-editor so-widget-sow-editor-base\"\n\t\t\t\n\t\t>\n<div class=\"siteorigin-widget-tinymce textwidget\">\n\t<p><b>Mas isto vai-me ocupar imenso tempo!<\/b><\/p>\n<p style=\"text-align: justify;\">Somente precisar\u00e1s de ir uma vez \u00e0 tua escola, apresentar aos alunos que est\u00e3o onde tu j\u00e1 tiveste, o curso para o qual vieste e uma das op\u00e7\u00f5es de escolha que eles t\u00eam para quando terminarem o secund\u00e1rio!<\/p>\n<\/div>\n<\/div><\/div><\/div><\/div><\/div><\/div><div id=\"pg-6138-5\"  class=\"panel-grid panel-has-style\" ><div style=\"padding: 0px 0; \" class=\"panel-row-style panel-row-style-for-6138-5\" ><div id=\"pgc-6138-5-0\"  class=\"panel-grid-cell\" ><div id=\"panel-6138-5-0-0\" class=\"so-panel widget widget_sow-image panel-first-child panel-last-child\" data-index=\"9\" ><div\n\t\t\t\n\t\t\tclass=\"so-widget-sow-image so-widget-sow-image-default-8b5b6f678277-6138\"\n\t\t\t\n\t\t>\n\n<div class=\"sow-image-container\">\n\t\t<img decoding=\"async\" src=\"https:\/\/i0.wp.com\/neb.ist.utl.pt\/~neb.daemon\/site\/wp-content\/uploads\/2018\/10\/Imagem6.png?fit=806%2C714&amp;ssl=1\" width=\"806\" height=\"714\" srcset=\"https:\/\/i0.wp.com\/neb.ist.utl.pt\/~neb.daemon\/site\/wp-content\/uploads\/2018\/10\/Imagem6.png?w=806&amp;ssl=1 806w, https:\/\/i0.wp.com\/neb.ist.utl.pt\/~neb.daemon\/site\/wp-content\/uploads\/2018\/10\/Imagem6.png?resize=300%2C266&amp;ssl=1 300w, https:\/\/i0.wp.com\/neb.ist.utl.pt\/~neb.daemon\/site\/wp-content\/uploads\/2018\/10\/Imagem6.png?resize=768%2C680&amp;ssl=1 768w, https:\/\/i0.wp.com\/neb.ist.utl.pt\/~neb.daemon\/site\/wp-content\/uploads\/2018\/10\/Imagem6.png?resize=480%2C425&amp;ssl=1 480w, https:\/\/i0.wp.com\/neb.ist.utl.pt\/~neb.daemon\/site\/wp-content\/uploads\/2018\/10\/Imagem6.png?resize=410%2C363&amp;ssl=1 410w, https:\/\/i0.wp.com\/neb.ist.utl.pt\/~neb.daemon\/site\/wp-content\/uploads\/2018\/10\/Imagem6.png?resize=100%2C89&amp;ssl=1 100w, https:\/\/i0.wp.com\/neb.ist.utl.pt\/~neb.daemon\/site\/wp-content\/uploads\/2018\/10\/Imagem6.png?resize=275%2C244&amp;ssl=1 275w\" alt=\"\" \t\tclass=\"so-widget-image\"\/>\n\t<\/div>\n\n<\/div><\/div><\/div><div id=\"pgc-6138-5-1\"  class=\"panel-grid-cell\" ><div id=\"panel-6138-5-1-0\" class=\"so-panel widget widget_sow-editor panel-first-child panel-last-child\" data-index=\"10\" ><div class=\"panel-widget-style panel-widget-style-for-6138-5-1-0\" ><div\n\t\t\t\n\t\t\tclass=\"so-widget-sow-editor so-widget-sow-editor-base\"\n\t\t\t\n\t\t>\n<div class=\"siteorigin-widget-tinymce textwidget\">\n\t<p><b>E o que \u00e9 preciso num representante?<\/b><\/p>\n<p style=\"text-align: justify;\">Para come\u00e7ar, tens que frequentar o nosso curso. Se tens algum tempo livre que gostarias de preencher a contribuir para o divulga\u00e7\u00e3o do curso pelo pa\u00eds e a ajudar alunos de secund\u00e1rio a descobrirem esta op\u00e7\u00e3o de curso superior, tens o que \u00e9 essencial. Para al\u00e9m disto, ajuda bastante teres \u00e0 vontade a falar em p\u00fablico, mas n\u00e3o desesperes se achares que n\u00e3o \u00e9 o teu caso, estamos c\u00e1 para te ajudar!<\/p>\n<\/div>\n<\/div><\/div><\/div><\/div><\/div><\/div><div id=\"pg-6138-6\"  class=\"panel-grid panel-has-style\" ><div style=\"padding: 0px 0; \" class=\"panel-row-style panel-row-style-for-6138-6\" ><div id=\"pgc-6138-6-0\"  class=\"panel-grid-cell\" ><div id=\"panel-6138-6-0-0\" class=\"so-panel widget widget_sow-editor panel-first-child panel-last-child\" data-index=\"11\" ><div class=\"panel-widget-style panel-widget-style-for-6138-6-0-0\" ><div\n\t\t\t\n\t\t\tclass=\"so-widget-sow-editor so-widget-sow-editor-base\"\n\t\t\t\n\t\t>\n<div class=\"siteorigin-widget-tinymce textwidget\">\n\t<p><b>Forma\u00e7\u00e3o para os Representantes? Obrigat\u00f3ria, sim!<\/b><\/p>\n<p style=\"text-align: justify;\">Ser\u00e1 prestada 1 forma\u00e7\u00e3o ao longo do 1\u00ba Semestre, \u00e0 qual ter\u00e1s que vir, sim. Mas n\u00e3o ser\u00e1 isto que te ocupar\u00e1 muito tempo de estudo! A forma\u00e7\u00e3o tem como objetivo formar os novos representantes, esclarecer todas as d\u00favidas em rela\u00e7\u00e3o ao projeto e prepar\u00e1-los para terem todas as ferramentas necess\u00e1rias \u00e0 sua ida \u00e0s escolas. N\u00e3o ir\u00e1s para l\u00e1 perdido!<\/p>\n<\/div>\n<\/div><\/div><\/div><\/div><div id=\"pgc-6138-6-1\"  class=\"panel-grid-cell\" ><div id=\"panel-6138-6-1-0\" class=\"so-panel widget widget_sow-image panel-first-child panel-last-child\" data-index=\"12\" ><div\n\t\t\t\n\t\t\tclass=\"so-widget-sow-image so-widget-sow-image-default-8b5b6f678277-6138\"\n\t\t\t\n\t\t>\n\n<div class=\"sow-image-container\">\n\t\t<img loading=\"lazy\" decoding=\"async\" src=\"https:\/\/i0.wp.com\/neb.ist.utl.pt\/~neb.daemon\/site\/wp-content\/uploads\/2018\/10\/formation-professionnelle-levito-1.png?fit=512%2C512&amp;ssl=1\" width=\"512\" height=\"512\" srcset=\"https:\/\/i0.wp.com\/neb.ist.utl.pt\/~neb.daemon\/site\/wp-content\/uploads\/2018\/10\/formation-professionnelle-levito-1.png?w=512&amp;ssl=1 512w, https:\/\/i0.wp.com\/neb.ist.utl.pt\/~neb.daemon\/site\/wp-content\/uploads\/2018\/10\/formation-professionnelle-levito-1.png?resize=150%2C150&amp;ssl=1 150w, https:\/\/i0.wp.com\/neb.ist.utl.pt\/~neb.daemon\/site\/wp-content\/uploads\/2018\/10\/formation-professionnelle-levito-1.png?resize=300%2C300&amp;ssl=1 300w, https:\/\/i0.wp.com\/neb.ist.utl.pt\/~neb.daemon\/site\/wp-content\/uploads\/2018\/10\/formation-professionnelle-levito-1.png?resize=480%2C480&amp;ssl=1 480w, https:\/\/i0.wp.com\/neb.ist.utl.pt\/~neb.daemon\/site\/wp-content\/uploads\/2018\/10\/formation-professionnelle-levito-1.png?resize=410%2C410&amp;ssl=1 410w, https:\/\/i0.wp.com\/neb.ist.utl.pt\/~neb.daemon\/site\/wp-content\/uploads\/2018\/10\/formation-professionnelle-levito-1.png?resize=100%2C100&amp;ssl=1 100w, https:\/\/i0.wp.com\/neb.ist.utl.pt\/~neb.daemon\/site\/wp-content\/uploads\/2018\/10\/formation-professionnelle-levito-1.png?resize=275%2C275&amp;ssl=1 275w\" alt=\"\" \t\tclass=\"so-widget-image\"\/>\n\t<\/div>\n\n<\/div><\/div><\/div><\/div><\/div><div id=\"pg-6138-7\"  class=\"panel-grid panel-has-style\" ><div style=\"padding: 0px 0; \" class=\"panel-row-style panel-row-style-for-6138-7\" ><div id=\"pgc-6138-7-0\"  class=\"panel-grid-cell\" ><div id=\"panel-6138-7-0-0\" class=\"so-panel widget widget_sow-editor panel-first-child panel-last-child\" data-index=\"13\" ><div class=\"panel-widget-style panel-widget-style-for-6138-7-0-0\" ><div\n\t\t\t\n\t\t\tclass=\"so-widget-sow-editor so-widget-sow-editor-base\"\n\t\t\t\n\t\t>\n<div class=\"siteorigin-widget-tinymce textwidget\">\n\t<p style=\"text-align: justify;\"><b>Sou aluno(a) de Engenharia Biol\u00f3gica e estou interessado em participar no projeto. O que fa\u00e7o?<\/b><\/p>\n<\/div>\n<\/div><\/div><\/div><\/div><div id=\"pgc-6138-7-1\"  class=\"panel-grid-cell\" ><div id=\"panel-6138-7-1-0\" class=\"widget_text so-panel widget widget_custom_html panel-first-child panel-last-child\" data-index=\"14\" ><div class=\"textwidget custom-html-widget\"><a class=\"button more-button\" href=\"https:\/\/forms.gle\/coJuvtMy81NqWNfg6\">Inscreve-te<\/a><\/div><\/div><\/div><\/div><\/div><div id=\"pg-6138-8\"  class=\"panel-grid panel-has-style\" ><div style=\"padding: 0px 0; \" class=\"panel-row-style panel-row-style-for-6138-8\" ><div id=\"pgc-6138-8-0\"  class=\"panel-grid-cell\" ><div id=\"panel-6138-8-0-0\" class=\"so-panel widget widget_sow-editor panel-first-child panel-last-child\" data-index=\"15\" ><div class=\"panel-widget-style panel-widget-style-for-6138-8-0-0\" ><div\n\t\t\t\n\t\t\tclass=\"so-widget-sow-editor so-widget-sow-editor-base\"\n\t\t\t\n\t\t>\n<div class=\"siteorigin-widget-tinymce textwidget\">\n\t<p style=\"text-align: justify;\"><b>Sou aluno(a) de Engenharia Biol\u00f3gica e infelizmente n\u00e3o conseguirei participar no projeto, mas tenho um contacto da minha escola a fornecer para ajudar. O que fa\u00e7o?<\/b><\/p>\n<\/div>\n<\/div><\/div><\/div><\/div><div id=\"pgc-6138-8-1\"  class=\"panel-grid-cell\" ><div id=\"panel-6138-8-1-0\" class=\"widget_text so-panel widget widget_custom_html panel-first-child panel-last-child\" data-index=\"16\" ><div class=\"textwidget custom-html-widget\"><a class=\"button more-button\" href=\"https:\/\/forms.gle\/DpgxDaUmqYk3BVw96\">Inscreve a tua escola<\/a><\/div><\/div><\/div><\/div><\/div><\/div>","protected":false},"excerpt":{"rendered":"<p>O que \u00e9 o \u00a0BIOL\u00d3GICA NAS ESCOLAS? Biol\u00f3gica nas escolas \u00e9 uma iniciativa levada a cabo pelo N\u00facleo de Engenharia Biol\u00f3gica do Instituto Superior T\u00e9cnico (NEBIST) e que tem como objetivo dar a conhecer melhor o curso de Engenharia Biol\u00f3gica aos alunos do ensino secund\u00e1rio em Portugal.<\/p>\n","protected":false},"author":1,"featured_media":0,"parent":5722,"menu_order":0,"comment_status":"closed","ping_status":"closed","template":"page-templates\/page_front-page.php","meta":{"jetpack_post_was_ever_published":false,"footnotes":""},"wf_page_folders":[],"jetpack_sharing_enabled":true,"jetpack_shortlink":"https:\/\/wp.me\/P2fvZo-1B0","jetpack-related-posts":[],"_links":{"self":[{"href":"https:\/\/neb.ist.utl.pt\/~neb.daemon\/site\/wp-json\/wp\/v2\/pages\/6138"}],"collection":[{"href":"https:\/\/neb.ist.utl.pt\/~neb.daemon\/site\/wp-json\/wp\/v2\/pages"}],"about":[{"href":"https:\/\/neb.ist.utl.pt\/~neb.daemon\/site\/wp-json\/wp\/v2\/types\/page"}],"author":[{"embeddable":true,"href":"https:\/\/neb.ist.utl.pt\/~neb.daemon\/site\/wp-json\/wp\/v2\/users\/1"}],"replies":[{"embeddable":true,"href":"https:\/\/neb.ist.utl.pt\/~neb.daemon\/site\/wp-json\/wp\/v2\/comments?post=6138"}],"version-history":[{"count":0,"href":"https:\/\/neb.ist.utl.pt\/~neb.daemon\/site\/wp-json\/wp\/v2\/pages\/6138\/revisions"}],"up":[{"embeddable":true,"href":"https:\/\/neb.ist.utl.pt\/~neb.daemon\/site\/wp-json\/wp\/v2\/pages\/5722"}],"wp:attachment":[{"href":"https:\/\/neb.ist.utl.pt\/~neb.daemon\/site\/wp-json\/wp\/v2\/media?parent=6138"}],"wp:term":[{"taxonomy":"wf_page_folders","embeddable":true,"href":"https:\/\/neb.ist.utl.pt\/~neb.daemon\/site\/wp-json\/wp\/v2\/wf_page_folders?post=6138"}],"curies":[{"name":"wp","href":"https:\/\/api.w.org\/{rel}","templated":true}]}}